{"id":1027,"date":"2021-08-06T10:11:21","date_gmt":"2021-08-06T08:11:21","guid":{"rendered":"https:\/\/tourismus-grossregion.eu\/fr\/?page_id=1027"},"modified":"2025-12-22T14:59:06","modified_gmt":"2025-12-22T13:59:06","slug":"b2b","status":"publish","type":"page","link":"https:\/\/tourismus-grossregion.eu\/fr\/b2b\/","title":{"rendered":"Menu: B2B"},"content":{"rendered":"","protected":false},"excerpt":{"rendered":"","protected":false},"author":2,"featured_media":0,"parent":0,"menu_order":0,"comment_status":"closed","ping_status":"closed","template":"","meta":[],"yoast_head":"<!-- This site is optimized with the Yoast SEO plugin v16.9 - https:\/\/yoast.com\/wordpress\/plugins\/seo\/ -->\n<meta name=\"robots\" content=\"index, follow, max-snippet:-1, max-image-preview:large, max-video-preview:-1\" \/>\n<link rel=\"canonical\" href=\"https:\/\/tourismus-grossregion.eu\/fr\/b2b\/\" \/>\n<meta property=\"og:locale\" content=\"fr_FR\" \/>\n<meta property=\"og:type\" content=\"article\" \/>\n<meta property=\"og:title\" content=\"Menu: B2B - Tourisme Grande R\u00e9gion\" \/>\n<meta property=\"og:url\" content=\"https:\/\/tourismus-grossregion.eu\/fr\/b2b\/\" \/>\n<meta property=\"og:site_name\" content=\"Tourisme Grande R\u00e9gion\" \/>\n<meta property=\"article:modified_time\" content=\"2025-12-22T13:59:06+00:00\" \/>\n<meta name=\"twitter:card\" content=\"summary_large_image\" \/>\n<script type=\"application\/ld+json\" class=\"yoast-schema-graph\">{\"@context\":\"https:\/\/schema.org\",\"@graph\":[{\"@type\":\"WebSite\",\"@id\":\"https:\/\/tourismus-grossregion.eu\/fr\/#website\",\"url\":\"https:\/\/tourismus-grossregion.eu\/fr\/\",\"name\":\"Tourisme Grande R\\u00e9gion\",\"description\":\"Tourisme Grande R\\u00e9gion\",\"potentialAction\":[{\"@type\":\"SearchAction\",\"target\":{\"@type\":\"EntryPoint\",\"urlTemplate\":\"https:\/\/tourismus-grossregion.eu\/fr\/?s={search_term_string}\"},\"query-input\":\"required name=search_term_string\"}],\"inLanguage\":\"fr-FR\"},{\"@type\":\"WebPage\",\"@id\":\"https:\/\/tourismus-grossregion.eu\/fr\/b2b\/#webpage\",\"url\":\"https:\/\/tourismus-grossregion.eu\/fr\/b2b\/\",\"name\":\"Menu: B2B - Tourisme Grande R\\u00e9gion\",\"isPartOf\":{\"@id\":\"https:\/\/tourismus-grossregion.eu\/fr\/#website\"},\"datePublished\":\"2021-08-06T08:11:21+00:00\",\"dateModified\":\"2025-12-22T13:59:06+00:00\",\"breadcrumb\":{\"@id\":\"https:\/\/tourismus-grossregion.eu\/fr\/b2b\/#breadcrumb\"},\"inLanguage\":\"fr-FR\",\"potentialAction\":[{\"@type\":\"ReadAction\",\"target\":[\"https:\/\/tourismus-grossregion.eu\/fr\/b2b\/\"]}]},{\"@type\":\"BreadcrumbList\",\"@id\":\"https:\/\/tourismus-grossregion.eu\/fr\/b2b\/#breadcrumb\",\"itemListElement\":[{\"@type\":\"ListItem\",\"position\":1,\"name\":\"Menu: B2B\"}]}]}<\/script>\n<!-- \/ Yoast SEO plugin. -->","yoast_head_json":{"robots":{"index":"index","follow":"follow","max-snippet":"max-snippet:-1","max-image-preview":"max-image-preview:large","max-video-preview":"max-video-preview:-1"},"canonical":"https:\/\/tourismus-grossregion.eu\/fr\/b2b\/","og_locale":"fr_FR","og_type":"article","og_title":"Menu: B2B - Tourisme Grande R\u00e9gion","og_url":"https:\/\/tourismus-grossregion.eu\/fr\/b2b\/","og_site_name":"Tourisme Grande R\u00e9gion","article_modified_time":"2025-12-22T13:59:06+00:00","twitter_card":"summary_large_image","schema":{"@context":"https:\/\/schema.org","@graph":[{"@type":"WebSite","@id":"https:\/\/tourismus-grossregion.eu\/fr\/#website","url":"https:\/\/tourismus-grossregion.eu\/fr\/","name":"Tourisme Grande R\u00e9gion","description":"Tourisme Grande R\u00e9gion","potentialAction":[{"@type":"SearchAction","target":{"@type":"EntryPoint","urlTemplate":"https:\/\/tourismus-grossregion.eu\/fr\/?s={search_term_string}"},"query-input":"required name=search_term_string"}],"inLanguage":"fr-FR"},{"@type":"WebPage","@id":"https:\/\/tourismus-grossregion.eu\/fr\/b2b\/#webpage","url":"https:\/\/tourismus-grossregion.eu\/fr\/b2b\/","name":"Menu: B2B - Tourisme Grande R\u00e9gion","isPartOf":{"@id":"https:\/\/tourismus-grossregion.eu\/fr\/#website"},"datePublished":"2021-08-06T08:11:21+00:00","dateModified":"2025-12-22T13:59:06+00:00","breadcrumb":{"@id":"https:\/\/tourismus-grossregion.eu\/fr\/b2b\/#breadcrumb"},"inLanguage":"fr-FR","potentialAction":[{"@type":"ReadAction","target":["https:\/\/tourismus-grossregion.eu\/fr\/b2b\/"]}]},{"@type":"BreadcrumbList","@id":"https:\/\/tourismus-grossregion.eu\/fr\/b2b\/#breadcrumb","itemListElement":[{"@type":"ListItem","position":1,"name":"Menu: B2B"}]}]}},"acf":{"pb_acf_widgets":[{"acf_fc_layout":"widget_hero_static","widget_hero_static_background":{"widget_hero_static_background_type":false,"widget_hero_static_image":{"ID":1028,"id":1028,"title":"dmk-bg-2","filename":"dmk-bg-2.jpg","filesize":37594,"url":"https:\/\/tourismus-grossregion.eu\/fr\/wp-content\/uploads\/sites\/3\/2021\/08\/dmk-bg-2.jpg","link":"https:\/\/tourismus-grossregion.eu\/fr\/b2b\/dmk-bg-2\/","alt":"","author":"2","description":"","caption":"","name":"dmk-bg-2","status":"inherit","uploaded_to":1027,"date":"2021-08-03 12:32:04","modified":"2021-08-03 12:32:04","menu_order":0,"mime_type":"image\/jpeg","type":"image","subtype":"jpeg","icon":"https:\/\/tourismus-grossregion.eu\/fr\/wp-includes\/images\/media\/default.png","width":1920,"height":1080,"sizes":{"thumbnail":"https:\/\/tourismus-grossregion.eu\/fr\/wp-content\/uploads\/sites\/3\/2021\/08\/dmk-bg-2-150x150.jpg","thumbnail-width":150,"thumbnail-height":150,"medium":"https:\/\/tourismus-grossregion.eu\/fr\/wp-content\/uploads\/sites\/3\/2021\/08\/dmk-bg-2-300x169.jpg","medium-width":300,"medium-height":169,"medium_large":"https:\/\/tourismus-grossregion.eu\/fr\/wp-content\/uploads\/sites\/3\/2021\/08\/dmk-bg-2-768x432.jpg","medium_large-width":768,"medium_large-height":432,"large":"https:\/\/tourismus-grossregion.eu\/fr\/wp-content\/uploads\/sites\/3\/2021\/08\/dmk-bg-2-1024x576.jpg","large-width":1024,"large-height":576,"1536x1536":"https:\/\/tourismus-grossregion.eu\/fr\/wp-content\/uploads\/sites\/3\/2021\/08\/dmk-bg-2-1536x864.jpg","1536x1536-width":1536,"1536x1536-height":864,"2048x2048":"https:\/\/tourismus-grossregion.eu\/fr\/wp-content\/uploads\/sites\/3\/2021\/08\/dmk-bg-2.jpg","2048x2048-width":1920,"2048x2048-height":1080,"download-thumbnail":"https:\/\/tourismus-grossregion.eu\/fr\/wp-content\/uploads\/sites\/3\/2021\/08\/dmk-bg-2-345x194.jpg","download-thumbnail-width":345,"download-thumbnail-height":194,"paragraphimage":"https:\/\/tourismus-grossregion.eu\/fr\/wp-content\/uploads\/sites\/3\/2021\/08\/dmk-bg-2-468x263.jpg","paragraphimage-width":468,"paragraphimage-height":263,"slider-image":"https:\/\/tourismus-grossregion.eu\/fr\/wp-content\/uploads\/sites\/3\/2021\/08\/dmk-bg-2-901x715.jpg","slider-image-width":901,"slider-image-height":715,"quote-image":"https:\/\/tourismus-grossregion.eu\/fr\/wp-content\/uploads\/sites\/3\/2021\/08\/dmk-bg-2-683x384.jpg","quote-image-width":683,"quote-image-height":384,"productcard-image":"https:\/\/tourismus-grossregion.eu\/fr\/wp-content\/uploads\/sites\/3\/2021\/08\/dmk-bg-2-710x399.jpg","productcard-image-width":710,"productcard-image-height":399}},"widget_hero_static_video_type":false,"widget_hero_static_video_upload":false,"widget_hero_static_youtube_embed":"","widget_hero_static_filter":false},"widget_hero_static_content":{"widget_hero_static_headline":"B2B - Pour les entreprises","widget_hero_static_copy":"","widget_hero_static_link":""},"widget_hero_static_margin":"small"},{"acf_fc_layout":"widget_editor","widget_editor_justify":true,"widget_editor_editor":"<p>Chers h\u00f4tes de la Grande R\u00e9gion !<\/p>\n<p>Le marketing num\u00e9rique ouvre des voies toujours plus vari\u00e9es \u00e0 vos invit\u00e9s. Il est essentiel de conna\u00eetre ces pistes et de les utiliser pour soi-m\u00eame afin de positionner son entreprise pour l&rsquo;avenir et de la diriger avec succ\u00e8s \u00e0 travers les crises. Regardons ensemble vers l&rsquo;avenir et mettons le cap sur la r\u00e9ussite gr\u00e2ce \u00e0 notre <a href=\"https:\/\/digitaler-marketing-kompass.eu\/\"><strong>Boussole Marketing Num\u00e9rique!<\/strong><\/a><\/p>\n","widget_editor_margin":"small"},{"acf_fc_layout":"widget_image","widget_image_image":{"ID":1029,"id":1029,"title":"silhouette2","filename":"silhouette2.png","filesize":47960,"url":"https:\/\/tourismus-grossregion.eu\/fr\/wp-content\/uploads\/sites\/3\/2021\/08\/silhouette2.png","link":"https:\/\/tourismus-grossregion.eu\/fr\/b2b\/silhouette2\/","alt":"","author":"2","description":"","caption":"","name":"silhouette2","status":"inherit","uploaded_to":1027,"date":"2021-08-03 12:32:04","modified":"2021-08-03 12:32:04","menu_order":0,"mime_type":"image\/png","type":"image","subtype":"png","icon":"https:\/\/tourismus-grossregion.eu\/fr\/wp-includes\/images\/media\/default.png","width":1400,"height":350,"sizes":{"thumbnail":"https:\/\/tourismus-grossregion.eu\/fr\/wp-content\/uploads\/sites\/3\/2021\/08\/silhouette2-150x150.png","thumbnail-width":150,"thumbnail-height":150,"medium":"https:\/\/tourismus-grossregion.eu\/fr\/wp-content\/uploads\/sites\/3\/2021\/08\/silhouette2-300x75.png","medium-width":300,"medium-height":75,"medium_large":"https:\/\/tourismus-grossregion.eu\/fr\/wp-content\/uploads\/sites\/3\/2021\/08\/silhouette2-768x192.png","medium_large-width":768,"medium_large-height":192,"large":"https:\/\/tourismus-grossregion.eu\/fr\/wp-content\/uploads\/sites\/3\/2021\/08\/silhouette2-1024x256.png","large-width":1024,"large-height":256,"1536x1536":"https:\/\/tourismus-grossregion.eu\/fr\/wp-content\/uploads\/sites\/3\/2021\/08\/silhouette2.png","1536x1536-width":1400,"1536x1536-height":350,"2048x2048":"https:\/\/tourismus-grossregion.eu\/fr\/wp-content\/uploads\/sites\/3\/2021\/08\/silhouette2.png","2048x2048-width":1400,"2048x2048-height":350,"download-thumbnail":"https:\/\/tourismus-grossregion.eu\/fr\/wp-content\/uploads\/sites\/3\/2021\/08\/silhouette2-345x86.png","download-thumbnail-width":345,"download-thumbnail-height":86,"paragraphimage":"https:\/\/tourismus-grossregion.eu\/fr\/wp-content\/uploads\/sites\/3\/2021\/08\/silhouette2-468x117.png","paragraphimage-width":468,"paragraphimage-height":117,"slider-image":"https:\/\/tourismus-grossregion.eu\/fr\/wp-content\/uploads\/sites\/3\/2021\/08\/silhouette2-901x350.png","slider-image-width":901,"slider-image-height":350,"quote-image":"https:\/\/tourismus-grossregion.eu\/fr\/wp-content\/uploads\/sites\/3\/2021\/08\/silhouette2-683x171.png","quote-image-width":683,"quote-image-height":171,"productcard-image":"https:\/\/tourismus-grossregion.eu\/fr\/wp-content\/uploads\/sites\/3\/2021\/08\/silhouette2-710x178.png","productcard-image-width":710,"productcard-image-height":178}},"widget_image_caption":"","widget_image_margin":"small"},{"acf_fc_layout":"widget_paragraph_headlines_image","widget_paragraph_headlines_image_orientation":false,"widget_paragraph_headlines_image_decoration":false,"widget_paragraph_headlines_image_content":{"widget_paragraph_headlines_image_preline":"","widget_paragraph_headlines_image_headline":"","widget_paragraph_headlines_image_subline":"","widget_paragraph_headlines_image_editor_justify":true,"widget_paragraph_headlines_image_editor":"<p>Dans le cadre du pr\u00e9c\u00e9dent projet Interreg V-A \u00ab Marketing touristique digital pour la Grande R\u00e9gion \u00bb, ensemble un processus de num\u00e9risation des acteurs du tourisme de la Grande R\u00e9gion a \u00e9t\u00e9 d\u00e9velopp\u00e9. \u00c0 l&rsquo;aide d&rsquo;une \u00e9tude de march\u00e9 en ligne, trois groupes d&rsquo;utilisateurs num\u00e9riques ont \u00e9t\u00e9 identifi\u00e9s, sur lesquels vous pouvez aligner votre marketing (en ligne). Regardez les <a href=\"https:\/\/saarland.teejit.io\/teejit\/directory\/?id=1500\">vid\u00e9os (en allemand) sur les groupes cibles<\/a> (explorateurs, actifs amoureux de la nature, short-Breakers) !<\/p>\n<p>&nbsp;<\/p>\n<p>De plus, dans la section \u00ab Boussole Marketing Num\u00e9rique \u00bb, vous trouverez d&rsquo;autres <a href=\"https:\/\/saarland.teejit.io\/teejit\/label\/?type=category&amp;id=1448\">vid\u00e9os explicatives gratuites<\/a> (en allemand) dans le domaine du marketing num\u00e9rique, dans lesquelles des expert*es partagent leurs connaissances.\u00a0Inscrivez-vous gratuitement sur le <a href=\"https:\/\/saarland.teejit.io\/login\/\">\u00ab Tourismuslotsen \u00bb<\/a>\u00a0et cliquez sur le cours \u00ab Digitaler Marketing Kompass \u00bb dans le dossier \u00ab Tourismuslotsen Kurse \u00bb.<\/p>\n","widget_paragraph_headlines_image_link":""},"widget_paragraph_headlines_image_image":{"ID":1030,"id":1030,"title":"tzs-marketing-kompass-_hoch-light-blue","filename":"tzs-marketing-kompass-_hoch-light-blue.jpg","filesize":460897,"url":"https:\/\/tourismus-grossregion.eu\/fr\/wp-content\/uploads\/sites\/3\/2021\/08\/tzs-marketing-kompass-_hoch-light-blue.jpg","link":"https:\/\/tourismus-grossregion.eu\/fr\/b2b\/tzs-marketing-kompass-_hoch-light-blue\/","alt":"","author":"2","description":"","caption":"","name":"tzs-marketing-kompass-_hoch-light-blue","status":"inherit","uploaded_to":1027,"date":"2021-08-03 12:32:04","modified":"2021-08-03 12:32:04","menu_order":0,"mime_type":"image\/jpeg","type":"image","subtype":"jpeg","icon":"https:\/\/tourismus-grossregion.eu\/fr\/wp-includes\/images\/media\/default.png","width":2176,"height":1920,"sizes":{"thumbnail":"https:\/\/tourismus-grossregion.eu\/fr\/wp-content\/uploads\/sites\/3\/2021\/08\/tzs-marketing-kompass-_hoch-light-blue-150x150.jpg","thumbnail-width":150,"thumbnail-height":150,"medium":"https:\/\/tourismus-grossregion.eu\/fr\/wp-content\/uploads\/sites\/3\/2021\/08\/tzs-marketing-kompass-_hoch-light-blue-300x265.jpg","medium-width":300,"medium-height":265,"medium_large":"https:\/\/tourismus-grossregion.eu\/fr\/wp-content\/uploads\/sites\/3\/2021\/08\/tzs-marketing-kompass-_hoch-light-blue-768x678.jpg","medium_large-width":768,"medium_large-height":678,"large":"https:\/\/tourismus-grossregion.eu\/fr\/wp-content\/uploads\/sites\/3\/2021\/08\/tzs-marketing-kompass-_hoch-light-blue-1024x904.jpg","large-width":1024,"large-height":904,"1536x1536":"https:\/\/tourismus-grossregion.eu\/fr\/wp-content\/uploads\/sites\/3\/2021\/08\/tzs-marketing-kompass-_hoch-light-blue-1536x1355.jpg","1536x1536-width":1536,"1536x1536-height":1355,"2048x2048":"https:\/\/tourismus-grossregion.eu\/fr\/wp-content\/uploads\/sites\/3\/2021\/08\/tzs-marketing-kompass-_hoch-light-blue-2048x1807.jpg","2048x2048-width":2048,"2048x2048-height":1807,"download-thumbnail":"https:\/\/tourismus-grossregion.eu\/fr\/wp-content\/uploads\/sites\/3\/2021\/08\/tzs-marketing-kompass-_hoch-light-blue-345x304.jpg","download-thumbnail-width":345,"download-thumbnail-height":304,"paragraphimage":"https:\/\/tourismus-grossregion.eu\/fr\/wp-content\/uploads\/sites\/3\/2021\/08\/tzs-marketing-kompass-_hoch-light-blue-468x413.jpg","paragraphimage-width":468,"paragraphimage-height":413,"slider-image":"https:\/\/tourismus-grossregion.eu\/fr\/wp-content\/uploads\/sites\/3\/2021\/08\/tzs-marketing-kompass-_hoch-light-blue-901x715.jpg","slider-image-width":901,"slider-image-height":715,"quote-image":"https:\/\/tourismus-grossregion.eu\/fr\/wp-content\/uploads\/sites\/3\/2021\/08\/tzs-marketing-kompass-_hoch-light-blue-683x603.jpg","quote-image-width":683,"quote-image-height":603,"productcard-image":"https:\/\/tourismus-grossregion.eu\/fr\/wp-content\/uploads\/sites\/3\/2021\/08\/tzs-marketing-kompass-_hoch-light-blue-710x626.jpg","productcard-image-width":710,"productcard-image-height":626}},"widget_paragraph_headlines_image_image_option":false,"widget_paragraph_headlines_image_margin":"small"},{"acf_fc_layout":"widget_editor","widget_editor_justify":true,"widget_editor_editor":"<p><a href=\"https:\/\/saarland.teejit.io\/login\/\">Cliquez ici et inscrivez-vous aupr\u00e8s du \u00ab Tourismuslotsen \u00bb !<\/a><\/p>\n<p><a href=\"https:\/\/www.tourismuslotse.saarland\/besser-werden\/digitale-lerninhalte\/online-weiterbildung\" target=\"_blank\" rel=\"noopener\"><\/p>\n<p><\/a><a href=\"https:\/\/saarland.teejit.io\/teejit\/label\/?type=category&amp;id=1448\" target=\"_blank\" rel=\"noopener\"><img loading=\"lazy\" class=\"alignnone\" src=\"https:\/\/tourismus-grossregion.eu\/wp-content\/uploads\/2025\/08\/Tourismuslotse_CI_Saarland_FINAL_RGB-2021.png\" alt=\"Tourismuslotse Saarland\" width=\"558\" height=\"313\" \/><\/a><\/p>\n","widget_editor_margin":"small"}],"page_fields_alternative_title":""},"_links":{"self":[{"href":"https:\/\/tourismus-grossregion.eu\/fr\/wp-json\/wp\/v2\/pages\/1027"}],"collection":[{"href":"https:\/\/tourismus-grossregion.eu\/fr\/wp-json\/wp\/v2\/pages"}],"about":[{"href":"https:\/\/tourismus-grossregion.eu\/fr\/wp-json\/wp\/v2\/types\/page"}],"author":[{"embeddable":true,"href":"https:\/\/tourismus-grossregion.eu\/fr\/wp-json\/wp\/v2\/users\/2"}],"replies":[{"embeddable":true,"href":"https:\/\/tourismus-grossregion.eu\/fr\/wp-json\/wp\/v2\/comments?post=1027"}],"version-history":[{"count":19,"href":"https:\/\/tourismus-grossregion.eu\/fr\/wp-json\/wp\/v2\/pages\/1027\/revisions"}],"predecessor-version":[{"id":4889,"href":"https:\/\/tourismus-grossregion.eu\/fr\/wp-json\/wp\/v2\/pages\/1027\/revisions\/4889"}],"wp:attachment":[{"href":"https:\/\/tourismus-grossregion.eu\/fr\/wp-json\/wp\/v2\/media?parent=1027"}],"curies":[{"name":"wp","href":"https:\/\/api.w.org\/{rel}","templated":true}]}}