{"id":1623,"date":"2021-08-17T11:56:29","date_gmt":"2021-08-17T09:56:29","guid":{"rendered":"https:\/\/tourismus-grossregion.eu\/fr\/?page_id=1623"},"modified":"2021-08-27T09:10:36","modified_gmt":"2021-08-27T07:10:36","slug":"excursions","status":"publish","type":"page","link":"https:\/\/tourismus-grossregion.eu\/fr\/excursions\/","title":{"rendered":"Menu: Excursions"},"content":{"rendered":"","protected":false},"excerpt":{"rendered":"","protected":false},"author":2,"featured_media":0,"parent":0,"menu_order":0,"comment_status":"closed","ping_status":"closed","template":"","meta":[],"yoast_head":"<!-- This site is optimized with the Yoast SEO plugin v16.9 - https:\/\/yoast.com\/wordpress\/plugins\/seo\/ -->\n<meta name=\"robots\" content=\"index, follow, max-snippet:-1, max-image-preview:large, max-video-preview:-1\" \/>\n<link rel=\"canonical\" href=\"https:\/\/tourismus-grossregion.eu\/fr\/excursions\/\" \/>\n<meta property=\"og:locale\" content=\"fr_FR\" \/>\n<meta property=\"og:type\" content=\"article\" \/>\n<meta property=\"og:title\" content=\"Menu: Excursions - Tourisme Grande R\u00e9gion\" \/>\n<meta property=\"og:url\" content=\"https:\/\/tourismus-grossregion.eu\/fr\/excursions\/\" \/>\n<meta property=\"og:site_name\" content=\"Tourisme Grande R\u00e9gion\" \/>\n<meta property=\"article:modified_time\" content=\"2021-08-27T07:10:36+00:00\" \/>\n<meta name=\"twitter:card\" content=\"summary_large_image\" \/>\n<script type=\"application\/ld+json\" class=\"yoast-schema-graph\">{\"@context\":\"https:\/\/schema.org\",\"@graph\":[{\"@type\":\"WebSite\",\"@id\":\"https:\/\/tourismus-grossregion.eu\/fr\/#website\",\"url\":\"https:\/\/tourismus-grossregion.eu\/fr\/\",\"name\":\"Tourisme Grande R\\u00e9gion\",\"description\":\"Tourisme Grande R\\u00e9gion\",\"potentialAction\":[{\"@type\":\"SearchAction\",\"target\":{\"@type\":\"EntryPoint\",\"urlTemplate\":\"https:\/\/tourismus-grossregion.eu\/fr\/?s={search_term_string}\"},\"query-input\":\"required name=search_term_string\"}],\"inLanguage\":\"fr-FR\"},{\"@type\":\"WebPage\",\"@id\":\"https:\/\/tourismus-grossregion.eu\/fr\/excursions\/#webpage\",\"url\":\"https:\/\/tourismus-grossregion.eu\/fr\/excursions\/\",\"name\":\"Menu: Excursions - Tourisme Grande R\\u00e9gion\",\"isPartOf\":{\"@id\":\"https:\/\/tourismus-grossregion.eu\/fr\/#website\"},\"datePublished\":\"2021-08-17T09:56:29+00:00\",\"dateModified\":\"2021-08-27T07:10:36+00:00\",\"breadcrumb\":{\"@id\":\"https:\/\/tourismus-grossregion.eu\/fr\/excursions\/#breadcrumb\"},\"inLanguage\":\"fr-FR\",\"potentialAction\":[{\"@type\":\"ReadAction\",\"target\":[\"https:\/\/tourismus-grossregion.eu\/fr\/excursions\/\"]}]},{\"@type\":\"BreadcrumbList\",\"@id\":\"https:\/\/tourismus-grossregion.eu\/fr\/excursions\/#breadcrumb\",\"itemListElement\":[{\"@type\":\"ListItem\",\"position\":1,\"name\":\"Menu: Excursions\"}]}]}<\/script>\n<!-- \/ Yoast SEO plugin. -->","yoast_head_json":{"robots":{"index":"index","follow":"follow","max-snippet":"max-snippet:-1","max-image-preview":"max-image-preview:large","max-video-preview":"max-video-preview:-1"},"canonical":"https:\/\/tourismus-grossregion.eu\/fr\/excursions\/","og_locale":"fr_FR","og_type":"article","og_title":"Menu: Excursions - Tourisme Grande R\u00e9gion","og_url":"https:\/\/tourismus-grossregion.eu\/fr\/excursions\/","og_site_name":"Tourisme Grande R\u00e9gion","article_modified_time":"2021-08-27T07:10:36+00:00","twitter_card":"summary_large_image","schema":{"@context":"https:\/\/schema.org","@graph":[{"@type":"WebSite","@id":"https:\/\/tourismus-grossregion.eu\/fr\/#website","url":"https:\/\/tourismus-grossregion.eu\/fr\/","name":"Tourisme Grande R\u00e9gion","description":"Tourisme Grande R\u00e9gion","potentialAction":[{"@type":"SearchAction","target":{"@type":"EntryPoint","urlTemplate":"https:\/\/tourismus-grossregion.eu\/fr\/?s={search_term_string}"},"query-input":"required name=search_term_string"}],"inLanguage":"fr-FR"},{"@type":"WebPage","@id":"https:\/\/tourismus-grossregion.eu\/fr\/excursions\/#webpage","url":"https:\/\/tourismus-grossregion.eu\/fr\/excursions\/","name":"Menu: Excursions - Tourisme Grande R\u00e9gion","isPartOf":{"@id":"https:\/\/tourismus-grossregion.eu\/fr\/#website"},"datePublished":"2021-08-17T09:56:29+00:00","dateModified":"2021-08-27T07:10:36+00:00","breadcrumb":{"@id":"https:\/\/tourismus-grossregion.eu\/fr\/excursions\/#breadcrumb"},"inLanguage":"fr-FR","potentialAction":[{"@type":"ReadAction","target":["https:\/\/tourismus-grossregion.eu\/fr\/excursions\/"]}]},{"@type":"BreadcrumbList","@id":"https:\/\/tourismus-grossregion.eu\/fr\/excursions\/#breadcrumb","itemListElement":[{"@type":"ListItem","position":1,"name":"Menu: Excursions"}]}]}},"acf":{"pb_acf_widgets":[{"acf_fc_layout":"widget_hero_static","widget_hero_static_background":{"widget_hero_static_background_type":false,"widget_hero_static_image":{"ID":704,"id":704,"title":"GROB_0453_1","filename":"GROB_0453_1.jpg","filesize":620228,"url":"https:\/\/tourismus-grossregion.eu\/fr\/wp-content\/uploads\/sites\/3\/2021\/07\/GROB_0453_1.jpg","link":"https:\/\/tourismus-grossregion.eu\/fr\/dans-le-wolfsbusch\/grob_0453_1\/","alt":"Deux hommes et deux femmes marchent sur un sentier au milieu d'une v\u00e9g\u00e9tation luxuriante.","author":"2","description":"Deux hommes et deux femmes marchent sur un sentier au milieu d'une v\u00e9g\u00e9tation luxuriante.","caption":"","name":"grob_0453_1","status":"inherit","uploaded_to":695,"date":"2021-07-27 10:24:48","modified":"2021-08-13 09:08:57","menu_order":0,"mime_type":"image\/jpeg","type":"image","subtype":"jpeg","icon":"https:\/\/tourismus-grossregion.eu\/fr\/wp-includes\/images\/media\/default.png","width":1920,"height":1282,"sizes":{"thumbnail":"https:\/\/tourismus-grossregion.eu\/fr\/wp-content\/uploads\/sites\/3\/2021\/07\/GROB_0453_1-150x150.jpg","thumbnail-width":150,"thumbnail-height":150,"medium":"https:\/\/tourismus-grossregion.eu\/fr\/wp-content\/uploads\/sites\/3\/2021\/07\/GROB_0453_1-300x200.jpg","medium-width":300,"medium-height":200,"medium_large":"https:\/\/tourismus-grossregion.eu\/fr\/wp-content\/uploads\/sites\/3\/2021\/07\/GROB_0453_1-768x513.jpg","medium_large-width":768,"medium_large-height":513,"large":"https:\/\/tourismus-grossregion.eu\/fr\/wp-content\/uploads\/sites\/3\/2021\/07\/GROB_0453_1-1024x684.jpg","large-width":1024,"large-height":684,"1536x1536":"https:\/\/tourismus-grossregion.eu\/fr\/wp-content\/uploads\/sites\/3\/2021\/07\/GROB_0453_1-1536x1026.jpg","1536x1536-width":1536,"1536x1536-height":1026,"2048x2048":"https:\/\/tourismus-grossregion.eu\/fr\/wp-content\/uploads\/sites\/3\/2021\/07\/GROB_0453_1.jpg","2048x2048-width":1920,"2048x2048-height":1282,"download-thumbnail":"https:\/\/tourismus-grossregion.eu\/fr\/wp-content\/uploads\/sites\/3\/2021\/07\/GROB_0453_1-345x230.jpg","download-thumbnail-width":345,"download-thumbnail-height":230,"paragraphimage":"https:\/\/tourismus-grossregion.eu\/fr\/wp-content\/uploads\/sites\/3\/2021\/07\/GROB_0453_1-468x312.jpg","paragraphimage-width":468,"paragraphimage-height":312,"slider-image":"https:\/\/tourismus-grossregion.eu\/fr\/wp-content\/uploads\/sites\/3\/2021\/07\/GROB_0453_1-901x715.jpg","slider-image-width":901,"slider-image-height":715,"quote-image":"https:\/\/tourismus-grossregion.eu\/fr\/wp-content\/uploads\/sites\/3\/2021\/07\/GROB_0453_1-683x456.jpg","quote-image-width":683,"quote-image-height":456,"productcard-image":"https:\/\/tourismus-grossregion.eu\/fr\/wp-content\/uploads\/sites\/3\/2021\/07\/GROB_0453_1-710x474.jpg","productcard-image-width":710,"productcard-image-height":474}},"widget_hero_static_video_type":false,"widget_hero_static_video_upload":false,"widget_hero_static_youtube_embed":"","widget_hero_static_filter":false},"widget_hero_static_content":{"widget_hero_static_headline":"Excursions","widget_hero_static_copy":"","widget_hero_static_link":""},"widget_hero_static_margin":"small"},{"acf_fc_layout":"widget_editor","widget_editor_justify":false,"widget_editor_editor":"<p>De nombreuses destinations et curiosit\u00e9s de la Grande R\u00e9gion sont facilement accessibles en voiture, en transports publics ou m\u00eame \u00e0 v\u00e9lo. Les \u00e9glises historiques et les ruines romaines vous donnent encore une impression vivante de ce qu&rsquo;\u00e9tait la r\u00e9gion il y a des milliers d&rsquo;ann\u00e9es. Le m\u00e9lange de sites du patrimoine mondial de l&rsquo;UNESCO, de parcs volcaniques, de forteresses et de quartiers anim\u00e9s vous rapprochera de la Grande R\u00e9gion \u00e0 bien des \u00e9gards. D\u00e9couvrez Durbuy, la \u00ab\u00a0plus petite ville du monde\u00a0\u00bb, ou le paysage f\u00e9erique autour du ch\u00e2teau d&rsquo;Eltz &#8211; commencez votre exploration aujourd&rsquo;hui.<\/p>\n","widget_editor_margin":"small"},{"acf_fc_layout":"widget_map","widget_map_headline":"","widget_map_repeater":[{"widget_map_poi":"Baumwipfelpfad Saarschleife [custom_codecgt_saarschleife]"},{"widget_map_poi":"V\u00f6lklinger H\u00fctte [custom_codecgt_voelklingerhuette]"},{"widget_map_poi":"Ludwigskirche [custom_codecgt_ludwigskirche]"},{"widget_map_poi":"Bostalsee [custom_codecgt_bostalsee]"},{"widget_map_poi":"Biosph\u00e4renreservat Bliesgau [custom_codecgt_biosphaerebliesgau]"},{"widget_map_poi":"Saarlouis [custom_codecgt_saarlouis]"},{"widget_map_poi":"Erlebnisort Reden [custom_codecgt_erlebnisortreden]"},{"widget_map_poi":"Kathedrale St. Etienne [custom_codecgt_stetienne]"},{"widget_map_poi":"Centre Pompidou-Metz [custom_codecgt_centrepompidoumetz]"},{"widget_map_poi":"Platz Stanislas [custom_codecgt_platzstanislas]"},{"widget_map_poi":"Memorial von Verdun [custom_codecgt_memorialvonverdun]"},{"widget_map_poi":"Zoo von Amn\u00e9ville [custom_codecgt_zooamneville]"},{"widget_map_poi":"Schloss Malbrouck [custom_codecgt_schlossmalbrouck]"},{"widget_map_poi":"Die Vogesenkammstrasse [custom_codecgt_vogesenkammstrasse]"},{"widget_map_poi":"Tierpark von Sainte-Croix [custom_codecgt_tierparksaintecroix]"},{"widget_map_poi":"Schiffshebewerk von Saint-Louis Arzviller [custom_codecgt_schiffshebewerksaintlouisarzviller]"},{"widget_map_poi":"Europ\u00e4ischer Kulturpark Bliesbruck-Reinheim [custom_codecgt_bliesbruckreinheim]"},{"widget_map_poi":"Thermalbad von Vittel [custom_codecgt_thermalbadvittel]"},{"widget_map_poi":"Thermalbad von Contrex\u00e9ville [custom_codecgt_thermalbadcontrexeville]"},{"widget_map_poi":"Burg Vianden [custom_codecgt_burgvianden]"},{"widget_map_poi":"Altstadt Luxemburg [custom_codecgt_altstadtluxemburg]"},{"widget_map_poi":"Fotoausstellung The Family of Man [custom_codecgt_fotoausstellungfom]"},{"widget_map_poi":"Region M\u00fcllerthal \u2013 Kleine Luxemburger Schweiz [custom_codecgt_muellerthal]"},{"widget_map_poi":"Schloss Burscheid [custom_codecgt_schlossburscheid]"},{"widget_map_poi":"M\u00e4rchenpark Bettemburg [custom_codecgt_maerchenparkbettemburg]"},{"widget_map_poi":"Nationales Bergbaumuseum Rumelange [custom_codecgt_bergbaumuseumrumelange]"},{"widget_map_poi":"Maare der Vulkaneifel [custom_codecgt_maarevulkaneifel]"},{"widget_map_poi":"Porta Nigra (UNESCO Welterbe) [custom_codecgt_portanigra]"},{"widget_map_poi":"Burg Eltz [custom_codecgt_burgeltz]"},{"widget_map_poi":"Deutsches Weintor [custom_codecgt_deutschesweintor]"},{"widget_map_poi":"Dom St. Martin Mainz [custom_codecgt_domstmartinmainz]"},{"widget_map_poi":"Dom zu Speyer [custom_codecgt_domspeyer]"},{"widget_map_poi":"H\u00e4ngeseilbr\u00fccke Geierlay [custom_codecgt_geierlay]"},{"widget_map_poi":"Hambacher Schloss [custom_codecgt_hambacherschloss]"},{"widget_map_poi":"Loreley Felsen [custom_codecgt_loreleyfelsen]"},{"widget_map_poi":"Marksburg [custom_codecgt_marksburg]"},{"widget_map_poi":"Deutsches Eck mit Kaiserdenkmal [custom_codecgt_deutscheseckkaiserdenkmal]"},{"widget_map_poi":"Memorial 1815 in Waterloo [custom_codecgt_memorialwaterloo]"},{"widget_map_poi":"Pairi Daiza [custom_codecgt_pairidaiza]"},{"widget_map_poi":"Park der Kan\u00e4le und Schl\u00f6sser [custom_codecgt_parkderkanaeleundschloesser]"},{"widget_map_poi":"Namur und die Zitadelle [custom_codecgt_namurundzitadelle]"},{"widget_map_poi":"Dom\u00e4ne der Grotten von Han [custom_codecgt_domaenedergrottenvonhan]"},{"widget_map_poi":"Spa und seine Thermalb\u00e4der [custom_codecgt_spaundthermalbaeder]"},{"widget_map_poi":"PrehistoMuseum [custom_codecgt_prehistomuseum]"},{"widget_map_poi":"Burg Reinhardstein [custom_codecgt_burgreinhardstein]"},{"widget_map_poi":"Durbuy [custom_codecgt_durbuy]"},{"widget_map_poi":"Bastogne [custom_codecgt_bastogne]"},{"widget_map_poi":"Euro Space Center [custom_codecgt_eurospacecenter]"},{"widget_map_poi":"Burg Bouillon [custom_codecgt_burgbouillon]"},{"widget_map_poi":"Abtei Orval [custom_codecgt_abteiorval]"},{"widget_map_poi":"Naturparkzentrum Botrange [custom_codecgt_naturparkzentrumbotrange]"},{"widget_map_poi":"Naturzentrum Haus Ternell CRIE [custom_codecgt_hausternell]"},{"widget_map_poi":"Worriken B\u00fctgenbach Sport- und Freizeitzentrum [custom_codecgt_worrikenbuetgenbachsufz]"},{"widget_map_poi":"Besucherzentrum Wesertalsperre [custom_codecgt_besucherzentrumwesertalsperre]"}],"widget_map_default_view":"Map","widget_map_margin":"small"}],"page_fields_alternative_title":""},"_links":{"self":[{"href":"https:\/\/tourismus-grossregion.eu\/fr\/wp-json\/wp\/v2\/pages\/1623"}],"collection":[{"href":"https:\/\/tourismus-grossregion.eu\/fr\/wp-json\/wp\/v2\/pages"}],"about":[{"href":"https:\/\/tourismus-grossregion.eu\/fr\/wp-json\/wp\/v2\/types\/page"}],"author":[{"embeddable":true,"href":"https:\/\/tourismus-grossregion.eu\/fr\/wp-json\/wp\/v2\/users\/2"}],"replies":[{"embeddable":true,"href":"https:\/\/tourismus-grossregion.eu\/fr\/wp-json\/wp\/v2\/comments?post=1623"}],"version-history":[{"count":7,"href":"https:\/\/tourismus-grossregion.eu\/fr\/wp-json\/wp\/v2\/pages\/1623\/revisions"}],"predecessor-version":[{"id":1671,"href":"https:\/\/tourismus-grossregion.eu\/fr\/wp-json\/wp\/v2\/pages\/1623\/revisions\/1671"}],"wp:attachment":[{"href":"https:\/\/tourismus-grossregion.eu\/fr\/wp-json\/wp\/v2\/media?parent=1623"}],"curies":[{"name":"wp","href":"https:\/\/api.w.org\/{rel}","templated":true}]}}