{"id":976,"date":"2021-07-29T16:33:38","date_gmt":"2021-07-29T14:33:38","guid":{"rendered":"https:\/\/tourismus-grossregion.eu\/fr\/copy-of-erklaerung-zur-barrierefreiheit\/"},"modified":"2021-08-26T09:33:45","modified_gmt":"2021-08-26T07:33:45","slug":"declaration-relative-accessibilite","status":"publish","type":"page","link":"https:\/\/tourismus-grossregion.eu\/fr\/declaration-relative-accessibilite\/","title":{"rendered":"Menu: D\u00e9claration relative \u00e0 l\u2019accessibilit\u00e9"},"content":{"rendered":"","protected":false},"excerpt":{"rendered":"","protected":false},"author":2,"featured_media":0,"parent":0,"menu_order":0,"comment_status":"closed","ping_status":"closed","template":"","meta":[],"yoast_head":"<!-- This site is optimized with the Yoast SEO plugin v16.9 - https:\/\/yoast.com\/wordpress\/plugins\/seo\/ -->\n<meta name=\"robots\" content=\"index, follow, max-snippet:-1, max-image-preview:large, max-video-preview:-1\" \/>\n<link rel=\"canonical\" href=\"https:\/\/tourismus-grossregion.eu\/fr\/declaration-relative-accessibilite\/\" \/>\n<meta property=\"og:locale\" content=\"fr_FR\" \/>\n<meta property=\"og:type\" content=\"article\" \/>\n<meta property=\"og:title\" content=\"Menu: D\u00e9claration relative \u00e0 l\u2019accessibilit\u00e9 - Tourisme Grande R\u00e9gion\" \/>\n<meta property=\"og:url\" content=\"https:\/\/tourismus-grossregion.eu\/fr\/declaration-relative-accessibilite\/\" \/>\n<meta property=\"og:site_name\" content=\"Tourisme Grande R\u00e9gion\" \/>\n<meta property=\"article:modified_time\" content=\"2021-08-26T07:33:45+00:00\" \/>\n<meta name=\"twitter:card\" content=\"summary_large_image\" \/>\n<script type=\"application\/ld+json\" class=\"yoast-schema-graph\">{\"@context\":\"https:\/\/schema.org\",\"@graph\":[{\"@type\":\"WebSite\",\"@id\":\"https:\/\/tourismus-grossregion.eu\/fr\/#website\",\"url\":\"https:\/\/tourismus-grossregion.eu\/fr\/\",\"name\":\"Tourisme Grande R\\u00e9gion\",\"description\":\"Tourisme Grande R\\u00e9gion\",\"potentialAction\":[{\"@type\":\"SearchAction\",\"target\":{\"@type\":\"EntryPoint\",\"urlTemplate\":\"https:\/\/tourismus-grossregion.eu\/fr\/?s={search_term_string}\"},\"query-input\":\"required name=search_term_string\"}],\"inLanguage\":\"fr-FR\"},{\"@type\":\"WebPage\",\"@id\":\"https:\/\/tourismus-grossregion.eu\/fr\/declaration-relative-accessibilite\/#webpage\",\"url\":\"https:\/\/tourismus-grossregion.eu\/fr\/declaration-relative-accessibilite\/\",\"name\":\"Menu: D\\u00e9claration relative \\u00e0 l\\u2019accessibilit\\u00e9 - Tourisme Grande R\\u00e9gion\",\"isPartOf\":{\"@id\":\"https:\/\/tourismus-grossregion.eu\/fr\/#website\"},\"datePublished\":\"2021-07-29T14:33:38+00:00\",\"dateModified\":\"2021-08-26T07:33:45+00:00\",\"breadcrumb\":{\"@id\":\"https:\/\/tourismus-grossregion.eu\/fr\/declaration-relative-accessibilite\/#breadcrumb\"},\"inLanguage\":\"fr-FR\",\"potentialAction\":[{\"@type\":\"ReadAction\",\"target\":[\"https:\/\/tourismus-grossregion.eu\/fr\/declaration-relative-accessibilite\/\"]}]},{\"@type\":\"BreadcrumbList\",\"@id\":\"https:\/\/tourismus-grossregion.eu\/fr\/declaration-relative-accessibilite\/#breadcrumb\",\"itemListElement\":[{\"@type\":\"ListItem\",\"position\":1,\"name\":\"Menu: D\\u00e9claration relative \\u00e0 l\\u2019accessibilit\\u00e9\"}]}]}<\/script>\n<!-- \/ Yoast SEO plugin. -->","yoast_head_json":{"robots":{"index":"index","follow":"follow","max-snippet":"max-snippet:-1","max-image-preview":"max-image-preview:large","max-video-preview":"max-video-preview:-1"},"canonical":"https:\/\/tourismus-grossregion.eu\/fr\/declaration-relative-accessibilite\/","og_locale":"fr_FR","og_type":"article","og_title":"Menu: D\u00e9claration relative \u00e0 l\u2019accessibilit\u00e9 - Tourisme Grande R\u00e9gion","og_url":"https:\/\/tourismus-grossregion.eu\/fr\/declaration-relative-accessibilite\/","og_site_name":"Tourisme Grande R\u00e9gion","article_modified_time":"2021-08-26T07:33:45+00:00","twitter_card":"summary_large_image","schema":{"@context":"https:\/\/schema.org","@graph":[{"@type":"WebSite","@id":"https:\/\/tourismus-grossregion.eu\/fr\/#website","url":"https:\/\/tourismus-grossregion.eu\/fr\/","name":"Tourisme Grande R\u00e9gion","description":"Tourisme Grande R\u00e9gion","potentialAction":[{"@type":"SearchAction","target":{"@type":"EntryPoint","urlTemplate":"https:\/\/tourismus-grossregion.eu\/fr\/?s={search_term_string}"},"query-input":"required name=search_term_string"}],"inLanguage":"fr-FR"},{"@type":"WebPage","@id":"https:\/\/tourismus-grossregion.eu\/fr\/declaration-relative-accessibilite\/#webpage","url":"https:\/\/tourismus-grossregion.eu\/fr\/declaration-relative-accessibilite\/","name":"Menu: D\u00e9claration relative \u00e0 l\u2019accessibilit\u00e9 - Tourisme Grande R\u00e9gion","isPartOf":{"@id":"https:\/\/tourismus-grossregion.eu\/fr\/#website"},"datePublished":"2021-07-29T14:33:38+00:00","dateModified":"2021-08-26T07:33:45+00:00","breadcrumb":{"@id":"https:\/\/tourismus-grossregion.eu\/fr\/declaration-relative-accessibilite\/#breadcrumb"},"inLanguage":"fr-FR","potentialAction":[{"@type":"ReadAction","target":["https:\/\/tourismus-grossregion.eu\/fr\/declaration-relative-accessibilite\/"]}]},{"@type":"BreadcrumbList","@id":"https:\/\/tourismus-grossregion.eu\/fr\/declaration-relative-accessibilite\/#breadcrumb","itemListElement":[{"@type":"ListItem","position":1,"name":"Menu: D\u00e9claration relative \u00e0 l\u2019accessibilit\u00e9"}]}]}},"acf":{"pb_acf_widgets":[{"acf_fc_layout":"widget_hero_static","widget_hero_static_background":{"widget_hero_static_background_type":false,"widget_hero_static_image":{"ID":701,"id":701,"title":"GROB_0656_1","filename":"GROB_0656_1.jpg","filesize":384898,"url":"https:\/\/tourismus-grossregion.eu\/fr\/wp-content\/uploads\/sites\/3\/2021\/07\/GROB_0656_1.jpg","link":"https:\/\/tourismus-grossregion.eu\/fr\/dans-le-wolfsbusch\/grob_0656_1\/","alt":"On peut voir sur cette photo des fleurs sauvages de couleur violette et jaune.","author":"2","description":"On peut voir sur cette photo des fleurs sauvages de couleur violette et jaune.","caption":"","name":"grob_0656_1","status":"inherit","uploaded_to":695,"date":"2021-07-27 10:24:46","modified":"2021-08-13 09:09:07","menu_order":0,"mime_type":"image\/jpeg","type":"image","subtype":"jpeg","icon":"https:\/\/tourismus-grossregion.eu\/fr\/wp-includes\/images\/media\/default.png","width":1920,"height":1282,"sizes":{"thumbnail":"https:\/\/tourismus-grossregion.eu\/fr\/wp-content\/uploads\/sites\/3\/2021\/07\/GROB_0656_1-150x150.jpg","thumbnail-width":150,"thumbnail-height":150,"medium":"https:\/\/tourismus-grossregion.eu\/fr\/wp-content\/uploads\/sites\/3\/2021\/07\/GROB_0656_1-300x200.jpg","medium-width":300,"medium-height":200,"medium_large":"https:\/\/tourismus-grossregion.eu\/fr\/wp-content\/uploads\/sites\/3\/2021\/07\/GROB_0656_1-768x513.jpg","medium_large-width":768,"medium_large-height":513,"large":"https:\/\/tourismus-grossregion.eu\/fr\/wp-content\/uploads\/sites\/3\/2021\/07\/GROB_0656_1-1024x684.jpg","large-width":1024,"large-height":684,"1536x1536":"https:\/\/tourismus-grossregion.eu\/fr\/wp-content\/uploads\/sites\/3\/2021\/07\/GROB_0656_1-1536x1026.jpg","1536x1536-width":1536,"1536x1536-height":1026,"2048x2048":"https:\/\/tourismus-grossregion.eu\/fr\/wp-content\/uploads\/sites\/3\/2021\/07\/GROB_0656_1.jpg","2048x2048-width":1920,"2048x2048-height":1282,"download-thumbnail":"https:\/\/tourismus-grossregion.eu\/fr\/wp-content\/uploads\/sites\/3\/2021\/07\/GROB_0656_1-345x230.jpg","download-thumbnail-width":345,"download-thumbnail-height":230,"paragraphimage":"https:\/\/tourismus-grossregion.eu\/fr\/wp-content\/uploads\/sites\/3\/2021\/07\/GROB_0656_1-468x312.jpg","paragraphimage-width":468,"paragraphimage-height":312,"slider-image":"https:\/\/tourismus-grossregion.eu\/fr\/wp-content\/uploads\/sites\/3\/2021\/07\/GROB_0656_1-901x715.jpg","slider-image-width":901,"slider-image-height":715,"quote-image":"https:\/\/tourismus-grossregion.eu\/fr\/wp-content\/uploads\/sites\/3\/2021\/07\/GROB_0656_1-683x456.jpg","quote-image-width":683,"quote-image-height":456,"productcard-image":"https:\/\/tourismus-grossregion.eu\/fr\/wp-content\/uploads\/sites\/3\/2021\/07\/GROB_0656_1-710x474.jpg","productcard-image-width":710,"productcard-image-height":474}},"widget_hero_static_video_type":false,"widget_hero_static_video_upload":false,"widget_hero_static_youtube_embed":"","widget_hero_static_filter":true},"widget_hero_static_content":{"widget_hero_static_headline":" D\u00e9claration relative \u00e0 l\u2019accessibilit\u00e9","widget_hero_static_copy":"","widget_hero_static_link":""},"widget_hero_static_margin":"small"},{"acf_fc_layout":"widget_paragraph_headlines","widget_paragraph_headlines_width":"100","widget_paragraph_headlines_preline":"","widget_paragraph_headlines_headline":"","widget_paragraph_headlines_subline":"D\u00e9claration relative \u00e0 l\u2019accessibilit\u00e9","widget_paragraph_headlines_editor_justify":true,"widget_paragraph_headlines_editor":"<p>Informations sur l\u2019accessibilit\u00e9 de ces sites Web en vertu de l\u2019Art. 12e SBGG [loi sarroise sur l\u2019\u00e9galit\u00e9 des personnes handicap\u00e9es] et sur les possibilit\u00e9s de contact en la mati\u00e8re.<\/p>\n<p>L\u2019\u00e9diteur de ce portail s\u2019efforce de rendre ce site Internet accessible en accord avec l\u2019Art. 12e SBGG.<\/p>\n<p>Cette d\u00e9claration relative \u00e0 l\u2019accessibilit\u00e9 s\u2019applique au portail <a href=\"http:\/\/tourismus-grossregion.eu\"><strong>tourismus-grossregion.eu<\/strong><\/a><\/p>\n","widget_paragraph_headlines_margin":"small"},{"acf_fc_layout":"widget_paragraph_headlines","widget_paragraph_headlines_width":"100","widget_paragraph_headlines_preline":"","widget_paragraph_headlines_headline":"","widget_paragraph_headlines_subline":"Situation actuelle de la conformit\u00e9 aux exigences :","widget_paragraph_headlines_editor_justify":true,"widget_paragraph_headlines_editor":"<p>Le contr\u00f4le du respect des exigences repose sur la r\u00e9alisation d\u2019une auto\u00e9valuation.<\/p>\n<p>Sur la base du contr\u00f4le, le site Web est partiellement conforme aux exigences susmentionn\u00e9es en raison des incompatibilit\u00e9s suivantes.<\/p>\n","widget_paragraph_headlines_margin":"small"},{"acf_fc_layout":"widget_paragraph_headlines","widget_paragraph_headlines_width":"100","widget_paragraph_headlines_preline":"","widget_paragraph_headlines_headline":"","widget_paragraph_headlines_subline":"Contenus non accessibles :","widget_paragraph_headlines_editor_justify":true,"widget_paragraph_headlines_editor":"<p>La page de lancement ainsi que la page \u00ab Newsletter \u00bb ne sont pas d\u2019une accessibilit\u00e9 totale \u00e0 titre provisoire en raison d\u2019une sollicitation disproportionn\u00e9e en vertu de l\u2019Art. 12a Par. 6 BGG. Les exigences qui en d\u00e9coulent dans le sens de l\u2018Article 5 Directive (UE) 2016\/2102 ont \u00e9t\u00e9 respect\u00e9es.<\/p>\n<p>Date de la cr\u00e9ation ou de la derni\u00e8re actualisation de la d\u00e9claration :<\/p>\n<p>Cette d\u00e9claration a \u00e9t\u00e9 cr\u00e9\u00e9e le 22\/09\/2020.<\/p>\n","widget_paragraph_headlines_margin":"small"},{"acf_fc_layout":"widget_paragraph_headlines","widget_paragraph_headlines_width":"100","widget_paragraph_headlines_preline":"","widget_paragraph_headlines_headline":"","widget_paragraph_headlines_subline":"Feedback et coordonn\u00e9es :","widget_paragraph_headlines_editor_justify":true,"widget_paragraph_headlines_editor":"<p>Via le contact suivant, vous pouvez signaler des vices concernant le respect des exigences d\u2019accessibilit\u00e9 et vous procurer des informations sur des contenus exclus des dispositions l\u00e9gales.<\/p>\n<p>Tourismus Zentrale Saarland GmbH<br \/>\nTrierer Str. 10<br \/>\n66111 Saarbr\u00fccken<br \/>\nT\u00e9l.: 0681 92720-0<br \/>\n<a href=\"mailto:info@tourismus-grossregion.eu\"><strong>info@tourismus-grossregion.eu<\/strong><\/a><\/p>\n","widget_paragraph_headlines_margin":"small"},{"acf_fc_layout":"widget_paragraph_headlines","widget_paragraph_headlines_width":"100","widget_paragraph_headlines_preline":"","widget_paragraph_headlines_headline":"","widget_paragraph_headlines_subline":"Proc\u00e9dure d\u2019imposition :","widget_paragraph_headlines_editor_justify":true,"widget_paragraph_headlines_editor":"<p>En cas de r\u00e9ponses non satisfaisantes de la possibilit\u00e9 de contact susmentionn\u00e9e, on peut avoir recours \u00e0 une proc\u00e9dure d\u2019arbitrage. Veuillez trouver de plus amples informations sur les sites du minist\u00e8re des Affaires sociales, de la Sant\u00e9, des Femmes et de la Famille sous<strong> <a href=\"https:\/\/www.saarland.de\/msgff\/DE\/portale\/sozialesleben\/leistungensoziales\/menschenmitbehinderungen\/behindertenpolitik\/behindertenpolitik.html\">Politique des personnes handicap\u00e9es<\/a> <\/strong>ou par t\u00e9l\u00e9phone\/par mail aupr\u00e8s du <strong><a href=\"https:\/\/www.saarland.de\/SharedDocs\/Kontaktdaten\/DE\/msgff\/abteilung-b\/referat_b1_gohrbandt.html\">Service Politique sociale, Inclusion et Participation \u00e0 la vie active<\/a>.<\/strong><\/p>\n<p>Le service de surveillance et de suivi pour l\u2019accessibilit\u00e9 num\u00e9rique en Sarre a pour fonction de superviser et de contr\u00f4ler p\u00e9riodiquement l\u2019accessibilit\u00e9 \u00e0 des sites Internet s\u00e9lectionn\u00e9s et \u00e0 des applications mobiles de services publics de Sarre conform\u00e9ment \u00e0 la Directive UE 2016\/2102.<\/p>\n<p>En 2020, la Sarre a charg\u00e9 le service de surveillance Convention des Nations-Unies pour le droit des personnes handicap\u00e9es de l\u2019Institut allemand pour les Droits de l\u2019Homme de reprendre cette fonction pour le land f\u00e9d\u00e9ral dans le cadre d\u2019un service de surveillance ind\u00e9pendant.<\/p>\n<p>&nbsp;<\/p>\n<p><a href=\"https:\/\/www.institut-fuer-menschenrechte.de\/das-institut\/abteilungen\/monitoring-stelle-un-behindertenrechtskonvention\/saarland\"><strong>Service de surveillance et de suivi pour l\u2019accessibilit\u00e9 num\u00e9rique en Sarre<\/strong><\/a><\/p>\n","widget_paragraph_headlines_margin":"small"}],"page_fields_alternative_title":""},"_links":{"self":[{"href":"https:\/\/tourismus-grossregion.eu\/fr\/wp-json\/wp\/v2\/pages\/976"}],"collection":[{"href":"https:\/\/tourismus-grossregion.eu\/fr\/wp-json\/wp\/v2\/pages"}],"about":[{"href":"https:\/\/tourismus-grossregion.eu\/fr\/wp-json\/wp\/v2\/types\/page"}],"author":[{"embeddable":true,"href":"https:\/\/tourismus-grossregion.eu\/fr\/wp-json\/wp\/v2\/users\/2"}],"replies":[{"embeddable":true,"href":"https:\/\/tourismus-grossregion.eu\/fr\/wp-json\/wp\/v2\/comments?post=976"}],"version-history":[{"count":7,"href":"https:\/\/tourismus-grossregion.eu\/fr\/wp-json\/wp\/v2\/pages\/976\/revisions"}],"predecessor-version":[{"id":1386,"href":"https:\/\/tourismus-grossregion.eu\/fr\/wp-json\/wp\/v2\/pages\/976\/revisions\/1386"}],"wp:attachment":[{"href":"https:\/\/tourismus-grossregion.eu\/fr\/wp-json\/wp\/v2\/media?parent=976"}],"curies":[{"name":"wp","href":"https:\/\/api.w.org\/{rel}","templated":true}]}}