{"id":988,"date":"2021-07-30T11:32:42","date_gmt":"2021-07-30T09:32:42","guid":{"rendered":"https:\/\/tourismus-grossregion.eu\/fr\/?page_id=988"},"modified":"2025-12-22T14:35:28","modified_gmt":"2025-12-22T13:35:28","slug":"mentions-legales","status":"publish","type":"page","link":"https:\/\/tourismus-grossregion.eu\/fr\/mentions-legales\/","title":{"rendered":"Menu: Mentions L\u00e9gales"},"content":{"rendered":"","protected":false},"excerpt":{"rendered":"","protected":false},"author":2,"featured_media":0,"parent":0,"menu_order":0,"comment_status":"closed","ping_status":"closed","template":"","meta":[],"yoast_head":"<!-- This site is optimized with the Yoast SEO plugin v16.9 - https:\/\/yoast.com\/wordpress\/plugins\/seo\/ -->\n<meta name=\"robots\" content=\"index, follow, max-snippet:-1, max-image-preview:large, max-video-preview:-1\" \/>\n<link rel=\"canonical\" href=\"https:\/\/tourismus-grossregion.eu\/fr\/mentions-legales\/\" \/>\n<meta property=\"og:locale\" content=\"fr_FR\" \/>\n<meta property=\"og:type\" content=\"article\" \/>\n<meta property=\"og:title\" content=\"Menu: Mentions L\u00e9gales - Tourisme Grande R\u00e9gion\" \/>\n<meta property=\"og:url\" content=\"https:\/\/tourismus-grossregion.eu\/fr\/mentions-legales\/\" \/>\n<meta property=\"og:site_name\" content=\"Tourisme Grande R\u00e9gion\" \/>\n<meta property=\"article:modified_time\" content=\"2025-12-22T13:35:28+00:00\" \/>\n<meta name=\"twitter:card\" content=\"summary_large_image\" \/>\n<script type=\"application\/ld+json\" class=\"yoast-schema-graph\">{\"@context\":\"https:\/\/schema.org\",\"@graph\":[{\"@type\":\"WebSite\",\"@id\":\"https:\/\/tourismus-grossregion.eu\/fr\/#website\",\"url\":\"https:\/\/tourismus-grossregion.eu\/fr\/\",\"name\":\"Tourisme Grande R\\u00e9gion\",\"description\":\"Tourisme Grande R\\u00e9gion\",\"potentialAction\":[{\"@type\":\"SearchAction\",\"target\":{\"@type\":\"EntryPoint\",\"urlTemplate\":\"https:\/\/tourismus-grossregion.eu\/fr\/?s={search_term_string}\"},\"query-input\":\"required name=search_term_string\"}],\"inLanguage\":\"fr-FR\"},{\"@type\":\"WebPage\",\"@id\":\"https:\/\/tourismus-grossregion.eu\/fr\/mentions-legales\/#webpage\",\"url\":\"https:\/\/tourismus-grossregion.eu\/fr\/mentions-legales\/\",\"name\":\"Menu: Mentions L\\u00e9gales - Tourisme Grande R\\u00e9gion\",\"isPartOf\":{\"@id\":\"https:\/\/tourismus-grossregion.eu\/fr\/#website\"},\"datePublished\":\"2021-07-30T09:32:42+00:00\",\"dateModified\":\"2025-12-22T13:35:28+00:00\",\"breadcrumb\":{\"@id\":\"https:\/\/tourismus-grossregion.eu\/fr\/mentions-legales\/#breadcrumb\"},\"inLanguage\":\"fr-FR\",\"potentialAction\":[{\"@type\":\"ReadAction\",\"target\":[\"https:\/\/tourismus-grossregion.eu\/fr\/mentions-legales\/\"]}]},{\"@type\":\"BreadcrumbList\",\"@id\":\"https:\/\/tourismus-grossregion.eu\/fr\/mentions-legales\/#breadcrumb\",\"itemListElement\":[{\"@type\":\"ListItem\",\"position\":1,\"name\":\"Menu: Mentions L\\u00e9gales\"}]}]}<\/script>\n<!-- \/ Yoast SEO plugin. -->","yoast_head_json":{"robots":{"index":"index","follow":"follow","max-snippet":"max-snippet:-1","max-image-preview":"max-image-preview:large","max-video-preview":"max-video-preview:-1"},"canonical":"https:\/\/tourismus-grossregion.eu\/fr\/mentions-legales\/","og_locale":"fr_FR","og_type":"article","og_title":"Menu: Mentions L\u00e9gales - Tourisme Grande R\u00e9gion","og_url":"https:\/\/tourismus-grossregion.eu\/fr\/mentions-legales\/","og_site_name":"Tourisme Grande R\u00e9gion","article_modified_time":"2025-12-22T13:35:28+00:00","twitter_card":"summary_large_image","schema":{"@context":"https:\/\/schema.org","@graph":[{"@type":"WebSite","@id":"https:\/\/tourismus-grossregion.eu\/fr\/#website","url":"https:\/\/tourismus-grossregion.eu\/fr\/","name":"Tourisme Grande R\u00e9gion","description":"Tourisme Grande R\u00e9gion","potentialAction":[{"@type":"SearchAction","target":{"@type":"EntryPoint","urlTemplate":"https:\/\/tourismus-grossregion.eu\/fr\/?s={search_term_string}"},"query-input":"required name=search_term_string"}],"inLanguage":"fr-FR"},{"@type":"WebPage","@id":"https:\/\/tourismus-grossregion.eu\/fr\/mentions-legales\/#webpage","url":"https:\/\/tourismus-grossregion.eu\/fr\/mentions-legales\/","name":"Menu: Mentions L\u00e9gales - Tourisme Grande R\u00e9gion","isPartOf":{"@id":"https:\/\/tourismus-grossregion.eu\/fr\/#website"},"datePublished":"2021-07-30T09:32:42+00:00","dateModified":"2025-12-22T13:35:28+00:00","breadcrumb":{"@id":"https:\/\/tourismus-grossregion.eu\/fr\/mentions-legales\/#breadcrumb"},"inLanguage":"fr-FR","potentialAction":[{"@type":"ReadAction","target":["https:\/\/tourismus-grossregion.eu\/fr\/mentions-legales\/"]}]},{"@type":"BreadcrumbList","@id":"https:\/\/tourismus-grossregion.eu\/fr\/mentions-legales\/#breadcrumb","itemListElement":[{"@type":"ListItem","position":1,"name":"Menu: Mentions L\u00e9gales"}]}]}},"acf":{"pb_acf_widgets":[{"acf_fc_layout":"widget_hero_static","widget_hero_static_background":{"widget_hero_static_background_type":false,"widget_hero_static_image":{"ID":596,"id":596,"title":"Galerie-5-1","filename":"Galerie-5-1.jpg","filesize":973679,"url":"https:\/\/tourismus-grossregion.eu\/fr\/wp-content\/uploads\/sites\/3\/2021\/07\/Galerie-5-1.jpg","link":"https:\/\/tourismus-grossregion.eu\/fr\/mentions-legales\/galerie-5-1\/","alt":"Paysage d'arbres dans la for\u00eat. Le sol de la for\u00eat est couvert de foug\u00e8res.","author":"2","description":"Paysage d'arbres dans la for\u00eat. Le sol de la for\u00eat est couvert de foug\u00e8res.","caption":"","name":"galerie-5-1","status":"inherit","uploaded_to":988,"date":"2021-07-26 14:13:17","modified":"2025-01-22 09:43:46","menu_order":0,"mime_type":"image\/jpeg","type":"image","subtype":"jpeg","icon":"https:\/\/tourismus-grossregion.eu\/fr\/wp-includes\/images\/media\/default.png","width":1350,"height":897,"sizes":{"thumbnail":"https:\/\/tourismus-grossregion.eu\/fr\/wp-content\/uploads\/sites\/3\/2021\/07\/Galerie-5-1-150x150.jpg","thumbnail-width":150,"thumbnail-height":150,"medium":"https:\/\/tourismus-grossregion.eu\/fr\/wp-content\/uploads\/sites\/3\/2021\/07\/Galerie-5-1-300x199.jpg","medium-width":300,"medium-height":199,"medium_large":"https:\/\/tourismus-grossregion.eu\/fr\/wp-content\/uploads\/sites\/3\/2021\/07\/Galerie-5-1-768x510.jpg","medium_large-width":768,"medium_large-height":510,"large":"https:\/\/tourismus-grossregion.eu\/fr\/wp-content\/uploads\/sites\/3\/2021\/07\/Galerie-5-1-1024x680.jpg","large-width":1024,"large-height":680,"1536x1536":"https:\/\/tourismus-grossregion.eu\/fr\/wp-content\/uploads\/sites\/3\/2021\/07\/Galerie-5-1.jpg","1536x1536-width":1350,"1536x1536-height":897,"2048x2048":"https:\/\/tourismus-grossregion.eu\/fr\/wp-content\/uploads\/sites\/3\/2021\/07\/Galerie-5-1.jpg","2048x2048-width":1350,"2048x2048-height":897,"download-thumbnail":"https:\/\/tourismus-grossregion.eu\/fr\/wp-content\/uploads\/sites\/3\/2021\/07\/Galerie-5-1-345x229.jpg","download-thumbnail-width":345,"download-thumbnail-height":229,"paragraphimage":"https:\/\/tourismus-grossregion.eu\/fr\/wp-content\/uploads\/sites\/3\/2021\/07\/Galerie-5-1-468x311.jpg","paragraphimage-width":468,"paragraphimage-height":311,"slider-image":"https:\/\/tourismus-grossregion.eu\/fr\/wp-content\/uploads\/sites\/3\/2021\/07\/Galerie-5-1-901x715.jpg","slider-image-width":901,"slider-image-height":715,"quote-image":"https:\/\/tourismus-grossregion.eu\/fr\/wp-content\/uploads\/sites\/3\/2021\/07\/Galerie-5-1-683x454.jpg","quote-image-width":683,"quote-image-height":454,"productcard-image":"https:\/\/tourismus-grossregion.eu\/fr\/wp-content\/uploads\/sites\/3\/2021\/07\/Galerie-5-1-710x472.jpg","productcard-image-width":710,"productcard-image-height":472}},"widget_hero_static_video_type":false,"widget_hero_static_video_upload":false,"widget_hero_static_youtube_embed":"","widget_hero_static_filter":true},"widget_hero_static_content":{"widget_hero_static_headline":"Mentions L\u00e9gales","widget_hero_static_copy":"","widget_hero_static_link":""},"widget_hero_static_margin":"small"},{"acf_fc_layout":"widget_paragraph_headlines","widget_paragraph_headlines_width":"100","widget_paragraph_headlines_preline":"","widget_paragraph_headlines_headline":"","widget_paragraph_headlines_subline":"","widget_paragraph_headlines_editor_justify":true,"widget_paragraph_headlines_editor":"<p><strong>Exploitant du site selon \u00a7 5 TMG<\/strong><\/p>\n<p>Tourismus Zentrale Saarland GmbH, Processus de transformation durable pour le tourisme dans le Grande R\u00e9gion<\/p>\n<p>Trierer Str. 10<br \/>\nD-66111 Saarbr\u00fccken<br \/>\nTel.: +49 (0) 681 927200<br \/>\nFax: +49 (0) 681 9272040<br \/>\n<a href=\"mailto:info@tz-s.de\"><strong>info@tz-s.de<\/strong><\/a><br \/>\n<a href=\"http:\/\/www.tourismus-grossregion.eu\"><strong>www.tourismus-grossregion.eu<\/strong><\/a><\/p>\n<p><strong>Registre du commerce : <\/strong><\/p>\n<p>Cour de registre : Tribunal administratif de Sarrebruck<br \/>\nNum\u00e9ro du registre : HRB 11201<\/p>\n<p><strong>G\u00e9rants :<\/strong><\/p>\n<p>Birgit Grauvogel et Michael Schwarz<\/p>\n<p><strong>Num\u00e9ro d\u2019identification \u00e0 la taxe sur la valeur ajout\u00e9e selon \u00a7 27 a de la loi allemande sur le chiffre d\u2019affaires :<\/strong><\/p>\n<p>DE 191937445<\/p>\n<p><strong>Responsable du contenu conform\u00e9ment au \u00a7 55 alin\u00e9a 2 RStV (Trait\u00e9 d\u2019\u00c9tat sur la radiodiffusion) :<\/strong><\/p>\n<p>Birgit Grauvogel(adresse comme ci-dessus)<\/p>\n<p><strong>Droit d\u2019auteur et cr\u00e9dits photo :<\/strong><\/p>\n<p>Sauf mention du contraire, les contenus de www.tourismus-grossregion.eu sont prot\u00e9g\u00e9s par droits d\u2019auteur.<br \/>\nLes photographies utilis\u00e9es sont, le cas \u00e9ch\u00e9ant, marqu\u00e9es d\u2019un cr\u00e9dit photos ou bien mentionn\u00e9es au bas dans la mesure o\u00f9 elles n\u2019ont pas \u00e9t\u00e9 prises par nous-m\u00eames.\u2028L\u2019utilisation de photographies sur des pages tierces n\u2019est possible que dans le cadre de la licence respective de chaque auteur.<\/p>\n<p><strong>\u00c9tabli par :<\/strong><\/p>\n<p>\u00a9 IT-Recht-Kanzlei DURY \u2013 <a href=\"http:\/\/www.dury.de\"><strong>www.dury.de<\/strong><\/a><br \/>\n\u00a9 Website-Check GmbH \u2013 <strong><a href=\"http:\/\/www.website-check.de\">www.website-check.de<\/a><\/strong><\/p>\n<p><strong>R\u00e9alisation technique du site internet :<\/strong><\/p>\n<p>zeit:raum digital GmbH<br \/>\nEuropaallee 12<br \/>\n66113 Saarbr\u00fccken<br \/>\n<a href=\"http:\/\/www.zeitraum.com\"><strong>www.zeitraum.com<\/strong><\/a><\/p>\n","widget_paragraph_headlines_margin":"small"}],"page_fields_alternative_title":""},"_links":{"self":[{"href":"https:\/\/tourismus-grossregion.eu\/fr\/wp-json\/wp\/v2\/pages\/988"}],"collection":[{"href":"https:\/\/tourismus-grossregion.eu\/fr\/wp-json\/wp\/v2\/pages"}],"about":[{"href":"https:\/\/tourismus-grossregion.eu\/fr\/wp-json\/wp\/v2\/types\/page"}],"author":[{"embeddable":true,"href":"https:\/\/tourismus-grossregion.eu\/fr\/wp-json\/wp\/v2\/users\/2"}],"replies":[{"embeddable":true,"href":"https:\/\/tourismus-grossregion.eu\/fr\/wp-json\/wp\/v2\/comments?post=988"}],"version-history":[{"count":10,"href":"https:\/\/tourismus-grossregion.eu\/fr\/wp-json\/wp\/v2\/pages\/988\/revisions"}],"predecessor-version":[{"id":4886,"href":"https:\/\/tourismus-grossregion.eu\/fr\/wp-json\/wp\/v2\/pages\/988\/revisions\/4886"}],"wp:attachment":[{"href":"https:\/\/tourismus-grossregion.eu\/fr\/wp-json\/wp\/v2\/media?parent=988"}],"curies":[{"name":"wp","href":"https:\/\/api.w.org\/{rel}","templated":true}]}}